{"id":3628,"date":"2024-04-25T17:46:10","date_gmt":"2024-04-25T15:46:10","guid":{"rendered":"https:\/\/rematch-eu.org\/ueber-den-algorithmus\/"},"modified":"2025-04-08T17:46:17","modified_gmt":"2025-04-08T15:46:17","slug":"ueber-den-algorithmus","status":"publish","type":"page","link":"https:\/\/rematch-eu.org\/de\/ueber-den-algorithmus\/","title":{"rendered":"\u00dcber den Algorithmus"},"content":{"rendered":"<p><div class=\"fusion-fullwidth fullwidth-box fusion-builder-row-1 fusion-flex-container has-pattern-background has-mask-background nonhundred-percent-fullwidth non-hundred-percent-height-scrolling\" style=\"--awb-border-radius-top-left:0px;--awb-border-radius-top-right:0px;--awb-border-radius-bottom-right:0px;--awb-border-radius-bottom-left:0px;--awb-padding-top:80px;--awb-padding-top-small:24px;--awb-padding-bottom-small:0px;--awb-background-color:var(--awb-color2);--awb-flex-wrap:wrap;\" ><div class=\"fusion-builder-row fusion-row fusion-flex-align-items-flex-start fusion-flex-content-wrap\" style=\"max-width:1248px;margin-left: calc(-4% \/ 2 );margin-right: calc(-4% \/ 2 );\"><div class=\"fusion-layout-column fusion_builder_column fusion-builder-column-0 fusion_builder_column_2_3 2_3 fusion-flex-column fusion-flex-align-self-flex-start\" style=\"--awb-padding-bottom:40px;--awb-padding-bottom-small:11px;--awb-bg-size:cover;--awb-width-large:66.666666666667%;--awb-margin-top-large:46px;--awb-spacing-right-large:2.88%;--awb-margin-bottom-large:20px;--awb-spacing-left-large:2.88%;--awb-width-medium:66.666666666667%;--awb-order-medium:0;--awb-spacing-right-medium:2.88%;--awb-spacing-left-medium:2.88%;--awb-width-small:100%;--awb-order-small:0;--awb-spacing-right-small:1.92%;--awb-margin-bottom-small:0px;--awb-spacing-left-small:1.92%;\"><div class=\"fusion-column-wrapper fusion-column-has-shadow fusion-flex-justify-content-flex-start fusion-content-layout-column\"><div class=\"fusion-text fusion-text-1\" style=\"--awb-font-size:var(--awb-typography1-font-size);--awb-line-height:var(--awb-typography1-line-height);--awb-letter-spacing:var(--awb-typography1-letter-spacing);--awb-text-transform:var(--awb-typography1-text-transform);--awb-margin-top:48px;--awb-text-font-family:var(--awb-typography1-font-family);--awb-text-font-weight:var(--awb-typography1-font-weight);--awb-text-font-style:var(--awb-typography1-font-style);\"><h3 class=\"fusion-responsive-typography-calculated\" style=\"--fontsize: 36; line-height: 1.2;\" data-fontsize=\"36\" data-lineheight=\"43.2px\">Wie funktioniert der Re:Match-Algorithmus?<\/h3>\n<\/div><div class=\"fusion-text fusion-text-2\" style=\"--awb-font-size:var(--awb-typography2-font-size);--awb-line-height:var(--awb-typography2-line-height);--awb-letter-spacing:var(--awb-typography2-letter-spacing);--awb-text-transform:var(--awb-typography2-text-transform);--awb-margin-top:-24px;--awb-text-font-family:var(--awb-typography2-font-family);--awb-text-font-weight:var(--awb-typography2-font-weight);--awb-text-font-style:var(--awb-typography2-font-style);\"><p><span style=\"font-size: 16px; line-height: 1.2;\" data-fusion-font=\"true\">Re:Match erprobt einen Algorithmus-basierten Matching-Prozess, um eine informierte, individualisierte und bedarfsorientierte Relocation von Schutzsuchenden in aufnahmebereite Kommunen zu erm\u00f6glichen.<\/span><\/p>\n<p><span style=\"font-size: 16px; line-height: 1.2;\" data-fusion-font=\"true\">Gemeinsam mit unserem Partner Pairity haben wir daf\u00fcr einen einzigartigen und spezialisierten Algorithmus<\/span><span style=\"font-size: 16px; line-height: 1.2; font-weight: normal;\" data-fusion-font=\"true\"><b> entwickelt.<\/b> Durch diesen Algorithmus kann im Rahmen des Re:Match-Verfahrens ein Pr\u00e4ferenz-Ranking erstellt werden. Schutzsuchende erhalten so Mitsprachem\u00f6glichkeiten im Prozess der Relocation. Auf der anderen Seite des Matches beteiligen sich die aufnehmenden Kommunen an diesem innovativen Relocation-Konzept, indem sie Daten \u00fcber ihre aktuellen Service-Angebote und Kapazit\u00e4ten in den Prozess einbringen. Erfahren Sie mehr \u00fcber den Re:Match-Algorithmus auf dieser Seite! <\/span><\/p>\n<\/div><\/div><\/div><div class=\"fusion-layout-column fusion_builder_column fusion-builder-column-1 fusion_builder_column_1_3 1_3 fusion-flex-column fusion-flex-align-self-center\" style=\"--awb-bg-size:cover;--awb-width-large:33.333333333333%;--awb-margin-top-large:0px;--awb-spacing-right-large:5.76%;--awb-margin-bottom-large:20px;--awb-spacing-left-large:5.76%;--awb-width-medium:33.333333333333%;--awb-order-medium:0;--awb-spacing-right-medium:5.76%;--awb-spacing-left-medium:5.76%;--awb-width-small:100%;--awb-order-small:0;--awb-spacing-right-small:1.92%;--awb-spacing-left-small:1.92%;\"><div class=\"fusion-column-wrapper fusion-column-has-shadow fusion-flex-justify-content-flex-start fusion-content-layout-column\"><div class=\"fusion-image-element fusion-no-small-visibility\" style=\"text-align:center;--awb-margin-right:0px;--awb-margin-bottom:0px;--awb-margin-left:0px;--awb-caption-title-font-family:var(--h2_typography-font-family);--awb-caption-title-font-weight:var(--h2_typography-font-weight);--awb-caption-title-font-style:var(--h2_typography-font-style);--awb-caption-title-size:var(--h2_typography-font-size);--awb-caption-title-transform:var(--h2_typography-text-transform);--awb-caption-title-line-height:var(--h2_typography-line-height);--awb-caption-title-letter-spacing:var(--h2_typography-letter-spacing);\"><span class=\" fusion-imageframe imageframe-none imageframe-1 hover-type-none\"><img decoding=\"async\" width=\"706\" height=\"706\" title=\"Re:Match Logo\" src=\"data:image\/svg+xml,%3Csvg%20xmlns%3D%27http%3A%2F%2Fwww.w3.org%2F2000%2Fsvg%27%20width%3D%27706%27%20height%3D%27706%27%20viewBox%3D%270%200%20706%20706%27%3E%3Crect%20width%3D%27706%27%20height%3D%27706%27%20fill-opacity%3D%220%22%2F%3E%3C%2Fsvg%3E\" data-orig-src=\"https:\/\/rematch-eu.org\/wp-content\/uploads\/2022\/12\/substitute-RE-MATCH_LOGO-without-name-e1674136341992.png\" alt class=\"lazyload img-responsive wp-image-727\"\/><\/span><\/div><\/div><\/div><\/div><\/div><div class=\"fusion-fullwidth fullwidth-box fusion-builder-row-2 fusion-flex-container has-pattern-background has-mask-background nonhundred-percent-fullwidth non-hundred-percent-height-scrolling\" style=\"--awb-border-radius-top-left:0px;--awb-border-radius-top-right:0px;--awb-border-radius-bottom-right:0px;--awb-border-radius-bottom-left:0px;--awb-padding-left:30px;--awb-margin-top:24px;--awb-flex-wrap:wrap;\" ><div class=\"fusion-builder-row fusion-row fusion-flex-align-items-flex-start fusion-flex-content-wrap\" style=\"max-width:1248px;margin-left: calc(-4% \/ 2 );margin-right: calc(-4% \/ 2 );\"><div class=\"fusion-layout-column fusion_builder_column fusion-builder-column-2 fusion_builder_column_1_1 1_1 fusion-flex-column\" style=\"--awb-padding-top:14px;--awb-padding-right:15px;--awb-padding-left:15px;--awb-bg-color:var(--awb-color3);--awb-bg-color-hover:var(--awb-color3);--awb-bg-size:cover;--awb-border-color:var(--awb-color2);--awb-border-style:solid;--awb-width-large:100%;--awb-margin-top-large:20px;--awb-spacing-right-large:1.92%;--awb-margin-bottom-large:20px;--awb-spacing-left-large:1.92%;--awb-width-medium:100%;--awb-order-medium:0;--awb-spacing-right-medium:1.92%;--awb-spacing-left-medium:1.92%;--awb-width-small:100%;--awb-order-small:0;--awb-spacing-right-small:1.92%;--awb-spacing-left-small:1.92%;\" data-scroll-devices=\"small-visibility,medium-visibility,large-visibility\"><div class=\"fusion-column-wrapper fusion-column-has-shadow fusion-flex-justify-content-flex-start fusion-content-layout-column\"><div class=\"fusion-text fusion-text-3\" style=\"--awb-font-size:var(--awb-typography4-font-size);--awb-line-height:var(--awb-typography4-line-height);--awb-letter-spacing:var(--awb-typography4-letter-spacing);--awb-text-transform:var(--awb-typography4-text-transform);--awb-text-font-family:var(--awb-typography4-font-family);--awb-text-font-weight:var(--awb-typography4-font-weight);--awb-text-font-style:var(--awb-typography4-font-style);\"><p><b>Der von Re:Match verwendete Algorithmus optimiert das kollektive Wohlergehen der Re:Match-Teilnehmenden, indem er ihnen unter Ber\u00fccksichtigung ihrer Profile und Pr\u00e4ferenzen sowie der Service-Angebote und Kapazit\u00e4ten der teilnehmenden Kommunen die bestm\u00f6glichen Matches zuweist. <\/b>Dieses Verfahren gew\u00e4hrleistet Fairness, ohne die Pr\u00e4ferenzen von einzelnen Teilnehmenden gegen\u00fcber dem Gesamtwohl der Gruppe zu bevorzugen, und maximiert gleichzeitig die Ertr\u00e4ge aus den knappen kommunalen Ressourcen.<\/p>\n<p><b>Der Re:Match-Algorithmus findet daher das beste direkte Match zwischen teilnehmenden Kommunen und Einzelpersonen\/Familien innerhalb einer Teilnehmendengruppe (Kohorte) auf der Grundlage folgender Kriterien<\/b><\/p>\n<ol>\n<li><b>Pers\u00f6nliche Daten und individuell gewichtete Pr\u00e4ferenzen der Schutzsuchenden, und<\/b><\/li>\n<li><b>Kommunale Daten \u00fcber lokale Bedingungen, Service-Angebote und Bedarfe sowie ihre dynamischen Unterkunftstypen\/-kapazit\u00e4ten.<\/b><\/li>\n<\/ol>\n<p>Das mehrdimensionale Matching-Verfahren von Re:Match ber\u00fccksichtigt systematisch kulturelle und soziale Faktoren, die f\u00fcr das allgemeine Wohlergehen und die Integration von Schutzsuchenden entscheidend sind, zus\u00e4tzlich zu den Faktoren, die die wirtschaftliche Integration bestimmen. Es vermeidet gruppenbezogene Annahmen und Vorurteile dar\u00fcber, was Neuank\u00f6mmlinge brauchen, da Personen mit \u00e4hnlichen Merkmalen unterschiedliche Pr\u00e4ferenzen und W\u00fcnsche haben. Zu den kommunalen Daten, die der Algorithmus ber\u00fccksichtigt, geh\u00f6ren die Anzahl und die Art der Unterk\u00fcnfte in kommunalen Einrichtungen, der Wohnungsmarkt, die Bildungs-, Besch\u00e4ftigungs- und Ausbildungsm\u00f6glichkeiten, die verf\u00fcgbaren kulturellen Dienstleistungen und die Kapazit\u00e4ten zur medizinischen Unterst\u00fctzung.<\/p>\n<p>In der Praxis simuliert der Algorithmus alle potenziellen Zuordnungen, um das Szenario zu ermitteln, das die h\u00f6chste Gesamtqualit\u00e4t der Matches f\u00fcr eine ganze Kohorte erzielt. F\u00fcr eine Gruppe von zehn teilnehmenden Haushalten\/Einzelpersonen und 6 Kommunen m\u00fcssen rechnerisch ca. 7 Millionen Match-Szenarien simuliert werden.<\/p>\n<p>M\u00f6chten Sie mehr \u00fcber den Algorithmus erfahren? Lesen Sie Kapitel 4 in unserem <a href=\"https:\/\/rematch-eu.org\/de\/publikationen\/zwischenevaluation\/\" target=\"_blank\" rel=\"noopener\">Zwischen-Evaluationsreport<\/a> und unseren Leitfaden zur Umsetzung von Daten-gest\u00fctztem Matching!<\/p>\n<\/div><\/div><\/div><\/div><\/div><div class=\"fusion-fullwidth fullwidth-box fusion-builder-row-3 fusion-flex-container has-pattern-background has-mask-background nonhundred-percent-fullwidth non-hundred-percent-height-scrolling\" style=\"--awb-border-radius-top-left:0px;--awb-border-radius-top-right:0px;--awb-border-radius-bottom-right:0px;--awb-border-radius-bottom-left:0px;--awb-padding-bottom:24px;--awb-margin-bottom:0px;--awb-background-image:linear-gradient(180deg, rgba(255,255,255,0) 97%,var(--awb-color7) 100%);--awb-flex-wrap:wrap;\" ><div class=\"fusion-builder-row fusion-row fusion-flex-align-items-flex-start fusion-flex-content-wrap\" style=\"max-width:1248px;margin-left: calc(-4% \/ 2 );margin-right: calc(-4% \/ 2 );\"><div class=\"fusion-layout-column fusion_builder_column fusion-builder-column-3 fusion_builder_column_1_1 1_1 fusion-flex-column\" style=\"--awb-bg-color:var(--awb-color2);--awb-bg-color-hover:var(--awb-color2);--awb-bg-size:cover;--awb-width-large:100%;--awb-margin-top-large:20px;--awb-spacing-right-large:1.92%;--awb-margin-bottom-large:12px;--awb-spacing-left-large:1.92%;--awb-width-medium:100%;--awb-order-medium:0;--awb-spacing-right-medium:1.92%;--awb-spacing-left-medium:1.92%;--awb-width-small:100%;--awb-order-small:0;--awb-spacing-right-small:1.92%;--awb-spacing-left-small:1.92%;\" data-scroll-devices=\"small-visibility,medium-visibility,large-visibility\"><div class=\"fusion-column-wrapper fusion-column-has-shadow fusion-flex-justify-content-flex-start fusion-content-layout-column\"><div class=\"fusion-builder-row fusion-builder-row-inner fusion-row fusion-flex-align-items-flex-start fusion-flex-content-wrap\" style=\"--awb-flex-grow:0;--awb-flex-grow-medium:0;--awb-flex-grow-small:0;--awb-flex-shrink:0;--awb-flex-shrink-medium:0;--awb-flex-shrink-small:0;width:104% !important;max-width:104% !important;margin-left: calc(-4% \/ 2 );margin-right: calc(-4% \/ 2 );\"><div class=\"fusion-layout-column fusion_builder_column_inner fusion-builder-nested-column-0 fusion_builder_column_inner_1_2 1_2 fusion-flex-column fusion-flex-align-self-stretch\" style=\"--awb-padding-top:24px;--awb-padding-right:24px;--awb-padding-bottom:24px;--awb-padding-left:15px;--awb-padding-bottom-small:0px;--awb-bg-size:cover;--awb-width-large:50%;--awb-margin-top-large:8px;--awb-spacing-right-large:3.84%;--awb-margin-bottom-large:8px;--awb-spacing-left-large:3.84%;--awb-width-medium:50%;--awb-order-medium:0;--awb-spacing-right-medium:3.84%;--awb-spacing-left-medium:3.84%;--awb-width-small:100%;--awb-order-small:0;--awb-spacing-right-small:1.92%;--awb-margin-bottom-small:0px;--awb-spacing-left-small:1.92%;\"><div class=\"fusion-column-wrapper fusion-column-has-shadow fusion-flex-justify-content-center fusion-content-layout-column\"><div class=\"fusion-title title fusion-title-1 fusion-sep-none fusion-title-text fusion-title-size-six\" style=\"--awb-margin-top-small:10px;--awb-margin-right-small:0px;--awb-margin-bottom-small:10px;--awb-margin-left-small:0px;--awb-font-size:48px;\"><h6 class=\"fusion-title-heading title-heading-left sm-text-align-center fusion-responsive-typography-calculated\" style=\"font-family:var(--awb-typography1-font-family);font-weight:var(--awb-typography1-font-weight);font-style:var(--awb-typography1-font-style);margin:0;text-transform:none;font-size:1em;--fontSize:48;line-height:var(--awb-typography1-line-height);\">M\u00f6chten Sie mehr erfahren?<\/h6><\/div><\/div><\/div><div class=\"fusion-layout-column fusion_builder_column_inner fusion-builder-nested-column-1 fusion_builder_column_inner_1_2 1_2 fusion-flex-column\" style=\"--awb-padding-top:24px;--awb-padding-right:24px;--awb-padding-bottom:24px;--awb-padding-left:40px;--awb-padding-top-small:0px;--awb-padding-bottom-small:15px;--awb-padding-left-small:15px;--awb-bg-size:cover;--awb-width-large:50%;--awb-margin-top-large:8px;--awb-spacing-right-large:9.792%;--awb-margin-bottom-large:8px;--awb-spacing-left-large:3.84%;--awb-width-medium:50%;--awb-order-medium:0;--awb-spacing-right-medium:9.792%;--awb-spacing-left-medium:3.84%;--awb-width-small:100%;--awb-order-small:0;--awb-margin-top-small:0px;--awb-spacing-right-small:1.92%;--awb-spacing-left-small:1.92%;\"><div class=\"fusion-column-wrapper fusion-column-has-shadow fusion-flex-justify-content-flex-start fusion-content-layout-column\"><div class=\"fusion-text fusion-text-4 sm-text-align-center\" style=\"--awb-font-size:var(--awb-typography4-font-size);--awb-line-height:var(--awb-typography4-line-height);--awb-letter-spacing:var(--awb-typography4-letter-spacing);--awb-text-transform:var(--awb-typography4-text-transform);--awb-text-font-family:var(--awb-typography4-font-family);--awb-text-font-weight:var(--awb-typography4-font-weight);--awb-text-font-style:var(--awb-typography4-font-style);\"><p>Wenn Sie weitere Fragen oder allgemeine Anfragen zu unserem Konzept und dem aktuellen Stand haben oder sich engagieren m\u00f6chten, z\u00f6gern Sie nicht, mit uns in Kontakt zu treten.<\/p>\n<\/div><div class=\"sm-text-align-center\"><a class=\"fusion-button button-flat button-large button-default fusion-button-default button-1 fusion-button-default-span fusion-button-default-type\" style=\"--button_text_transform:none;--button_typography-letter-spacing:var(--awb-typography3-letter-spacing);--button_typography-font-family:var(--awb-typography3-font-family);--button_typography-font-weight:var(--awb-typography3-font-weight);--button_typography-font-style:var(--awb-typography3-font-style);\" target=\"_self\" href=\"mailto: info@rematch-eu.org\"><span class=\"fusion-button-text awb-button__text awb-button__text--default\">Kontakt<\/span><i class=\"fa-arrow-right fas awb-button__icon awb-button__icon--default button-icon-right\" aria-hidden=\"true\"><\/i><\/a><\/div><\/div><\/div><\/div><\/div><\/div><\/div><\/div><\/p>\n","protected":false},"excerpt":{"rendered":"","protected":false},"author":3,"featured_media":0,"parent":0,"menu_order":0,"comment_status":"closed","ping_status":"closed","template":"100-width.php","meta":{"_monsterinsights_skip_tracking":false,"_monsterinsights_sitenote_active":false,"_monsterinsights_sitenote_note":"","_monsterinsights_sitenote_category":0,"footnotes":""},"class_list":["post-3628","page","type-page","status-publish","hentry"],"_links":{"self":[{"href":"https:\/\/rematch-eu.org\/de\/wp-json\/wp\/v2\/pages\/3628","targetHints":{"allow":["GET"]}}],"collection":[{"href":"https:\/\/rematch-eu.org\/de\/wp-json\/wp\/v2\/pages"}],"about":[{"href":"https:\/\/rematch-eu.org\/de\/wp-json\/wp\/v2\/types\/page"}],"author":[{"embeddable":true,"href":"https:\/\/rematch-eu.org\/de\/wp-json\/wp\/v2\/users\/3"}],"replies":[{"embeddable":true,"href":"https:\/\/rematch-eu.org\/de\/wp-json\/wp\/v2\/comments?post=3628"}],"version-history":[{"count":7,"href":"https:\/\/rematch-eu.org\/de\/wp-json\/wp\/v2\/pages\/3628\/revisions"}],"predecessor-version":[{"id":4599,"href":"https:\/\/rematch-eu.org\/de\/wp-json\/wp\/v2\/pages\/3628\/revisions\/4599"}],"wp:attachment":[{"href":"https:\/\/rematch-eu.org\/de\/wp-json\/wp\/v2\/media?parent=3628"}],"curies":[{"name":"wp","href":"https:\/\/api.w.org\/{rel}","templated":true}]}}